{"id":2,"date":"2023-09-11T10:22:04","date_gmt":"2023-09-11T10:22:04","guid":{"rendered":"https:\/\/development.b4bynd.com\/hatayakademi\/?page_id=2"},"modified":"2024-09-27T14:19:53","modified_gmt":"2024-09-27T14:19:53","slug":"sample-page","status":"publish","type":"page","link":"https:\/\/hataysenfoniorkestrasi.com\/","title":{"rendered":"Anasayfa"},"content":{"rendered":"<section id='block_8ffa854ae3cec29735a8a36408b367f9' class='block block-hero  text-white block block-hero text-md-center  text-center border-white  bg-secondary blended-image vh-100 lazyload' style='background-image:inherit;' data-bg-image='url(https:\/\/hataysenfoniorkestrasi.com\/wp-content\/uploads\/2023\/10\/6ED77FD0-DBA0-492E-9E14-0C67AB4340A7.jpeg)'>\n    <div class='d-flex h-100' style='backdrop-filter: blur(1px)'>\n        <div class='inner-container no-padding navbar-padding my-auto' >\n            <div class='row gy-4'         data-reveal='{\"opacity\":1,\"delay\":0.1}' style='opacity: 0' >\n                <div class='col-12 text-shadow'>\n                    <figure>\n<blockquote class=\"blockquote\">\n<p class=\"h1 mb-4 d-none d-md-flex\">&#8220;Melekler tekrar D\u00fcnya\u2019ya inmeye karar verirlerse Antakya\u2019ya inecekler.&#8221;<\/p>\n<p class=\"h3 mb-4 d-md-none\">&#8220;Melekler tekrar D\u00fcnya\u2019ya inmeye karar verirlerse Antakya\u2019ya inecekler.&#8221;<\/p>\n<\/blockquote><figcaption class=\"blockquote-footer text-white h6\">Libanius <cite>4. y\u00fczy\u0131lda Antakya\u2019da ya\u015fam\u0131\u015f Antakyal\u0131 filozof<\/cite><\/figcaption><\/figure>\n<p class=\"fs-5 d-none d-md-flex\">Hatay Akademi Orkestras\u0131, hem\u015ferisi Libanius\u2019un bahsetti\u011fi meleklerden olup Antakya\u2019ya inmek, kurulacak yeni \u015fehrin, Antakya\u2019n\u0131n tarihine, mimarisine, ruhuna uygun in\u015fa edilmesinde s\u00f6z sahibi olmak, k\u00fclt\u00fcr ve sanat ile yeni ya\u015fam\u0131 \u00f6rmek, sanatla, ya\u015fanan ac\u0131lara i\u015faret etmek, haf\u0131zalar\u0131 diri tutmak, tarihe not d\u00fc\u015fmek istiyor\u2026<\/p>\n<p class=\"fs-5 d-none d-md-flex\">Ve \u00f6r\u00fclecek yeni ya\u015fama giden yolda \u201cumut\u2019\u2019u do\u011furmak istiyor\u2026<\/p>\n<p class=\"d-md-none\">Hatay Akademi Orkestras\u0131, hem\u015ferisi Libanius\u2019un bahsetti\u011fi meleklerden olup Antakya\u2019ya inmek, kurulacak yeni \u015fehrin, Antakya\u2019n\u0131n tarihine, mimarisine, ruhuna uygun in\u015fa edilmesinde s\u00f6z sahibi olmak, k\u00fclt\u00fcr ve sanat ile yeni ya\u015fam\u0131 \u00f6rmek, sanatla, ya\u015fanan ac\u0131lara i\u015faret etmek, haf\u0131zalar\u0131 diri tutmak, tarihe not d\u00fc\u015fmek istiyor\u2026<\/p>\n<p class=\"fw-bold d-md-none\">Ve \u00f6r\u00fclecek yeni ya\u015fama giden yolda \u201cumut\u2019\u2019u do\u011furmak istiyor\u2026<\/p>\n\n                <\/div>                <\/div>\n            <\/div>\n        <\/div>\n    <\/section>\n\n    <section id='block_5d369e4400b629c19dcdf31cee052b6c'>\n        <div class='default-container bg-secondary text-white blended-image my-5 lazyload' style='background-image:inherit;' data-bg-image='url(https:\/\/hataysenfoniorkestrasi.com\/wp-content\/uploads\/2023\/10\/DSC08365.jpg)'>\n            <div class='row'>\n                <div class='inner-container'>\n                    <div class='row'>\n                        <div class='col-12 text-shadow'>\n                            <h2 class='h3 mb-4'>Orkestra Hakk\u0131nda<\/h2>\n                        <\/div>\n                        <div class='col-12 mb-4 lead text-shadow '>\n                            <figure>\n<blockquote class=\"blockquote\">\n<p class='h5 mb-4'>&#8220;Karanl\u0131k zamanlarda \u015fark\u0131 da s\u00f6ylenecek mi? Elbette, \u015fark\u0131 da s\u00f6ylenecek, karanl\u0131k zamanlar\u0131 anlatan.\u201d<\/p>\n<\/blockquote><figcaption class=\"blockquote-footer text-white h6\">Bertolt Brecht<br \/>\n  <\/figcaption><\/figure>\n<p>Hatay Akademi Orkestras\u0131, kendi co\u011frafyas\u0131nda k\u00fclt\u00fcr ve sanat alan\u0131nda bir d\u00f6n\u00fc\u015f\u00fcm yaratma idealiyle yola \u00e7\u0131kar ve t\u00fcm d\u00fcnyan\u0131n k\u00fclt\u00fcrel zenginli\u011fiyle tan\u0131d\u0131\u011f\u0131 kadim diyar\u0131n k\u00fclt\u00fcrel ve sanatsal olu\u015fumlar, faaliyetler, fikirler, ekoller a\u00e7\u0131s\u0131ndan da hak etti\u011fi yerde olmas\u0131 i\u00e7in 2019 y\u0131l\u0131nda kurulur. Hatay Senfoni Orkestras\u0131 K\u00fclt\u00fcr-Sanat Derne\u011fi (HSO) b\u00fcnyesinde faaliyetini s\u00fcrd\u00fcren Hatay Akademi Orkestras\u0131, Hatay\u2019\u0131n senfonik formda kurulan ilk ve tek orkestras\u0131d\u0131r.<\/p>\n\n                        <\/div>                <div class='col-12'>\n                    <a href='https:\/\/hataysenfoniorkestrasi.com\/index.php\/hakkimizda\/' target='' class='btn btn-primary shadow'>Devam\u0131n\u0131 oku<\/a>\n                <\/div>                <\/div>\n            <\/div>\n        <\/div>\n    <\/div> \n<\/section>\n\n<section id='block_9b0640986c9247f10ae1e6bf7fa19878'>\n    <div class='default-container'>\n        <div class='row'>\n            <div class='col-12'>\n                <h2 class='mb-4'>\u00d6ne \u00c7\u0131kanlar<\/h2>\n            <\/div>                <div class='col-md-4'>\n                    <div class='row'>\n                        <div class='col-12 mb-3'         data-reveal='{\"opacity\":1}' style='opacity: 0'>\n                            <div class='ratio ratio-16x9 rounded bg-dark bg-opacity-10 lazyload' style='background-image:inherit; background-size: cover; background-position: center center' data-bg-image='url(https:\/\/hataysenfoniorkestrasi.com\/wp-content\/uploads\/2026\/03\/bulten.jpg)'>\n                            <\/div>\n                        <\/div>\n                        <div class='col-12'         data-reveal='{\"opacity\":1}' style='opacity: 0'>\n                            <h3 class='h5'>Hatay Senfoni Orkestras\u0131 K\u00fclt\u00fcr ve Sanat Derne\u011fi B\u00fclteni- 13<\/h3>\n                        <\/div>\n                        <div class='col-12'         data-reveal='{\"opacity\":1}' style='opacity: 0'>\n                            <p>Hatay Senfoni Orkestras\u0131 K\u00fclt\u00fcr ve Sanat Derne\u011fi'nin, son iki ay i\u00e7inde ger\u00e7ekle\u015ftirdi\u011fi etkinliklerden haberdar olabilece\u011finiz b\u00fcltenimizin on\u00fc\u00e7\u00fcnc\u00fc say\u0131s\u0131 yay\u0131nda. Hatay...<\/p>\n                        <\/div>\n                        <div class='col-12 text-end mt-auto'         data-reveal='{\"opacity\":1}' style='opacity: 0'>\n                            <a href='https:\/\/hataysenfoniorkestrasi.com\/index.php\/bulten\/hatay-senfoni-orkestrasi-kultur-ve-sanat-dernegi-bulteni-13\/' class='small fw-bold'>Read More <i class='fa-solid fa-arrow-right ms-2'><\/i><\/a>\n                            <hr class='bg-dark bg-opacity-25'>\n                        <\/div>                    <\/div>\n                <\/div>                <div class='col-md-4'>\n                    <div class='row'>\n                        <div class='col-12 mb-3'         data-reveal='{\"opacity\":1}' style='opacity: 0'>\n                            <div class='ratio ratio-16x9 rounded bg-dark bg-opacity-10 lazyload' style='background-image:inherit; background-size: cover; background-position: center center' data-bg-image='url(https:\/\/hataysenfoniorkestrasi.com\/wp-content\/uploads\/2026\/03\/AA-NATGEO-BLM-7-PART-2-YENI.mp4_snapshot_07.44.000-e1772385943580.jpg)'>\n                            <\/div>\n                        <\/div>\n                        <div class='col-12'         data-reveal='{\"opacity\":1}' style='opacity: 0'>\n                            <h3 class='h5'>Avrupa\u2019dan Anadolu\u2019ya: K\u00f6pr\u00fcler<\/h3>\n                        <\/div>\n                        <div class='col-12'         data-reveal='{\"opacity\":1}' style='opacity: 0'>\n                            <p>Avrupa\u2019dan Anadolu\u2019ya: K\u00f6pr\u00fcler program\u0131, Stefanie von-Brochowski sunumuyla Avrupa ile Anadolu aras\u0131ndaki k\u00fclt\u00fcrel ba\u011flar\u0131 ge\u00e7mi\u015ften g\u00fcn\u00fcm\u00fcze ta\u015f\u0131yor. Program\u0131n 7. b\u00f6l\u00fcm\u00fcnde Hatay\u2019da...<\/p>\n                        <\/div>\n                        <div class='col-12 text-end mt-auto'         data-reveal='{\"opacity\":1}' style='opacity: 0'>\n                            <a href='https:\/\/hataysenfoniorkestrasi.com\/index.php\/haberler\/avrupadan-anadoluya-kopruler\/' class='small fw-bold'>Read More <i class='fa-solid fa-arrow-right ms-2'><\/i><\/a>\n                            <hr class='bg-dark bg-opacity-25'>\n                        <\/div>                    <\/div>\n                <\/div>                <div class='col-md-4'>\n                    <div class='row'>\n                        <div class='col-12 mb-3'         data-reveal='{\"opacity\":1}' style='opacity: 0'>\n                            <div class='ratio ratio-16x9 rounded bg-dark bg-opacity-10 lazyload' style='background-image:inherit; background-size: cover; background-position: center center' data-bg-image='url(https:\/\/hataysenfoniorkestrasi.com\/wp-content\/uploads\/2026\/02\/WhatsApp-Image-2026-02-19-at-10.41.58-1.jpeg)'>\n                            <\/div>\n                        <\/div>\n                        <div class='col-12'         data-reveal='{\"opacity\":1}' style='opacity: 0'>\n                            <h3 class='h5'>K\u00f6kten Sese: Hatay Akademi \u00c7ocuk Ve Gen\u00e7lik Korosu Ba\u015flad\u0131!<\/h3>\n                        <\/div>\n                        <div class='col-12'         data-reveal='{\"opacity\":1}' style='opacity: 0'>\n                            <p>Hatay\u2019da hayata ge\u00e7irilen \u201cK\u00f6kten Sese\u201d projesi, \u00e7ocuk ve gen\u00e7lerin psikososyal, k\u00fclt\u00fcrel ve sanatsal geli\u015fimlerini desteklemeyi; deprem sonras\u0131 iyile\u015fme s\u00fcrecini g\u00fc\u00e7lendirmeyi...<\/p>\n                        <\/div>\n                        <div class='col-12 text-end mt-auto'         data-reveal='{\"opacity\":1}' style='opacity: 0'>\n                            <a href='https:\/\/hataysenfoniorkestrasi.com\/index.php\/haberler\/kokten-sese-hatay-akademi-cocuk-ve-genclik-korosu-basladi\/' class='small fw-bold'>Read More <i class='fa-solid fa-arrow-right ms-2'><\/i><\/a>\n                            <hr class='bg-dark bg-opacity-25'>\n                        <\/div>                    <\/div>\n                <\/div>                <div class='col-md-4'>\n                    <div class='row'>\n                        <div class='col-12 mb-3'         data-reveal='{\"opacity\":1}' style='opacity: 0'>\n                            <div class='ratio ratio-16x9 rounded bg-dark bg-opacity-10 lazyload' style='background-image:inherit; background-size: cover; background-position: center center' data-bg-image='url(https:\/\/hataysenfoniorkestrasi.com\/wp-content\/uploads\/2026\/02\/WhatsApp-Image-2026-02-19-at-10.39.42-e1771920006934.jpeg)'>\n                            <\/div>\n                        <\/div>\n                        <div class='col-12'         data-reveal='{\"opacity\":1}' style='opacity: 0'>\n                            <h3 class='h5'>Kaybettiklerimizi \u015eark\u0131larla And\u0131k<\/h3>\n                        <\/div>\n                        <div class='col-12'         data-reveal='{\"opacity\":1}' style='opacity: 0'>\n                            <p>6 \u015eubat depremlerinin \u00fc\u00e7\u00fcnc\u00fc y\u0131ld\u00f6n\u00fcm\u00fcnde, Hatay Akademi Senfoni Orkestras\u0131, Buraday\u0131z Hatay\u2019\u0131n \u00e7a\u011fr\u0131s\u0131yla d\u00fczenlenen anma bulu\u015fmas\u0131nda dinleyicilerle bir araya geldi. Etkinlik,...<\/p>\n                        <\/div>\n                        <div class='col-12 text-end mt-auto'         data-reveal='{\"opacity\":1}' style='opacity: 0'>\n                            <a href='https:\/\/hataysenfoniorkestrasi.com\/index.php\/haberler\/kaybettiklerimizi-sarkilarla-andik\/' class='small fw-bold'>Read More <i class='fa-solid fa-arrow-right ms-2'><\/i><\/a>\n                            <hr class='bg-dark bg-opacity-25'>\n                        <\/div>                    <\/div>\n                <\/div>                <div class='col-md-4'>\n                    <div class='row'>\n                        <div class='col-12 mb-3'         data-reveal='{\"opacity\":1}' style='opacity: 0'>\n                            <div class='ratio ratio-16x9 rounded bg-dark bg-opacity-10 lazyload' style='background-image:inherit; background-size: cover; background-position: center center' data-bg-image='url(https:\/\/hataysenfoniorkestrasi.com\/wp-content\/uploads\/2026\/02\/WhatsApp-Image-2026-02-19-at-10.30.01.jpeg)'>\n                            <\/div>\n                        <\/div>\n                        <div class='col-12'         data-reveal='{\"opacity\":1}' style='opacity: 0'>\n                            <h3 class='h5'>M\u00fczik ve Uluslararas\u0131 \u0130\u015fbirli\u011fi: Orkestradan OECD\u2019ye Anlaml\u0131 Ziyaret<\/h3>\n                        <\/div>\n                        <div class='col-12'         data-reveal='{\"opacity\":1}' style='opacity: 0'>\n                            <p>2026 Avrupa turnesi kapsam\u0131nda uluslararas\u0131 temaslar\u0131n\u0131 s\u00fcrd\u00fcren Hatay Akademi Senfoni Orkestras\u0131, k\u00fclt\u00fcrel diplomasi \u00e7al\u0131\u015fmalar\u0131n\u0131 g\u00fc\u00e7lendirmek ve yeni i\u015fbirli\u011fi olanaklar\u0131n\u0131 de\u011ferlendirmek...<\/p>\n                        <\/div>\n                        <div class='col-12 text-end mt-auto'         data-reveal='{\"opacity\":1}' style='opacity: 0'>\n                            <a href='https:\/\/hataysenfoniorkestrasi.com\/index.php\/haberler\/muzik-ve-uluslararasi-isbirligi-orkestradan-oecdye-anlamli-ziyaret\/' class='small fw-bold'>Read More <i class='fa-solid fa-arrow-right ms-2'><\/i><\/a>\n                            <hr class='bg-dark bg-opacity-25'>\n                        <\/div>                    <\/div>\n                <\/div>                <div class='col-md-4'>\n                    <div class='row'>\n                        <div class='col-12 mb-3'         data-reveal='{\"opacity\":1}' style='opacity: 0'>\n                            <div class='ratio ratio-16x9 rounded bg-dark bg-opacity-10 lazyload' style='background-image:inherit; background-size: cover; background-position: center center' data-bg-image='url(https:\/\/hataysenfoniorkestrasi.com\/wp-content\/uploads\/2026\/02\/WhatsApp-Image-2026-02-02-at-13.52.27-scaled.jpeg)'>\n                            <\/div>\n                        <\/div>\n                        <div class='col-12'         data-reveal='{\"opacity\":1}' style='opacity: 0'>\n                            <h3 class='h5'>K\u00fclt\u00fcr\u00fcn Sesi S\u0131n\u0131rlar\u0131 A\u015ft\u0131: Avrupa\u2019da Antakya Ezgileri<\/h3>\n                        <\/div>\n                        <div class='col-12'         data-reveal='{\"opacity\":1}' style='opacity: 0'>\n                            <p>Hatay Akademi Senfoni Orkestras\u0131, 2026 y\u0131l\u0131nda ger\u00e7ekle\u015ftirdi\u011fi Avrupa turnesi kapsam\u0131nda Antakya\u2019dan yola \u00e7\u0131karak Aalen, Stuttgart ve Paris\u2019e uzanan bir k\u00fclt\u00fcr...<\/p>\n                        <\/div>\n                        <div class='col-12 text-end mt-auto'         data-reveal='{\"opacity\":1}' style='opacity: 0'>\n                            <a href='https:\/\/hataysenfoniorkestrasi.com\/index.php\/haberler\/kulturun-sesi-sinirlari-asti-avrupada-antakya-ezgileri\/' class='small fw-bold'>Read More <i class='fa-solid fa-arrow-right ms-2'><\/i><\/a>\n                            <hr class='bg-dark bg-opacity-25'>\n                        <\/div>                    <\/div>\n                <\/div>                <div class='col-md-4'>\n                    <div class='row'>\n                        <div class='col-12 mb-3'         data-reveal='{\"opacity\":1}' style='opacity: 0'>\n                            <div class='ratio ratio-16x9 rounded bg-dark bg-opacity-10 lazyload' style='background-image:inherit; background-size: cover; background-position: center center' data-bg-image='url(https:\/\/hataysenfoniorkestrasi.com\/wp-content\/uploads\/2026\/01\/KOKTEN-SESE-BASVURU-REHBERI.jpg)'>\n                            <\/div>\n                        <\/div>\n                        <div class='col-12'         data-reveal='{\"opacity\":1}' style='opacity: 0'>\n                            <h3 class='h5'>K\u00f6kten Sese: Hatay Akademi \u00c7ocuk ve Gen\u00e7lik Korosu Projesi Hayata Ge\u00e7iyor<\/h3>\n                        <\/div>\n                        <div class='col-12'         data-reveal='{\"opacity\":1}' style='opacity: 0'>\n                            <p>K\u00f6klerinden ald\u0131\u011f\u0131 g\u00fc\u00e7le sesini gelece\u011fe ta\u015f\u0131yan \u00e7ocuklar yeti\u015ftirmek amac\u0131yla ba\u015flat\u0131lan K\u00f6kten Sese: Hatay Akademi \u00c7ocuk ve Gen\u00e7lik Korosu projesi ba\u015fl\u0131yor....<\/p>\n                        <\/div>\n                        <div class='col-12 text-end mt-auto'         data-reveal='{\"opacity\":1}' style='opacity: 0'>\n                            <a href='https:\/\/hataysenfoniorkestrasi.com\/index.php\/haberler\/kokten-sese-hatay-akademi-cocuk-ve-genclik-korosu-projesi-hayata-geciyor\/' class='small fw-bold'>Read More <i class='fa-solid fa-arrow-right ms-2'><\/i><\/a>\n                            <hr class='bg-dark bg-opacity-25'>\n                        <\/div>                    <\/div>\n                <\/div>                <div class='col-md-4'>\n                    <div class='row'>\n                        <div class='col-12 mb-3'         data-reveal='{\"opacity\":1}' style='opacity: 0'>\n                            <div class='ratio ratio-16x9 rounded bg-dark bg-opacity-10 lazyload' style='background-image:inherit; background-size: cover; background-position: center center' data-bg-image='url(https:\/\/hataysenfoniorkestrasi.com\/wp-content\/uploads\/2025\/12\/Kirmizi-Sade-Ekonomi-Haber-Manseti-Youtube-Kucuk-Resmi-Kopyasi-150-x-107-mm-Kopyasi-kopyasi-kopyasi-kopyasi1.jpg)'>\n                            <\/div>\n                        <\/div>\n                        <div class='col-12'         data-reveal='{\"opacity\":1}' style='opacity: 0'>\n                            <h3 class='h5'>Hatay Senfoni Orkestras\u0131 K\u00fclt\u00fcr ve Sanat Derne\u011fi B\u00fclteni- 12<\/h3>\n                        <\/div>\n                        <div class='col-12'         data-reveal='{\"opacity\":1}' style='opacity: 0'>\n                            <p>Hatay Senfoni Orkestras\u0131 K\u00fclt\u00fcr ve Sanat Derne\u011fi'nin, son iki ay i\u00e7inde ger\u00e7ekle\u015ftirdi\u011fi etkinliklerden haberdar olabilece\u011finiz b\u00fcltenimizin onikinci say\u0131s\u0131 yay\u0131nda. Hatay...<\/p>\n                        <\/div>\n                        <div class='col-12 text-end mt-auto'         data-reveal='{\"opacity\":1}' style='opacity: 0'>\n                            <a href='https:\/\/hataysenfoniorkestrasi.com\/index.php\/bulten\/hatay-senfoni-orkestrasi-kultur-ve-sanat-dernegi-bulteni-12\/' class='small fw-bold'>Read More <i class='fa-solid fa-arrow-right ms-2'><\/i><\/a>\n                            <hr class='bg-dark bg-opacity-25'>\n                        <\/div>                    <\/div>\n                <\/div>                <div class='col-md-4'>\n                    <div class='row'>\n                        <div class='col-12 mb-3'         data-reveal='{\"opacity\":1}' style='opacity: 0'>\n                            <div class='ratio ratio-16x9 rounded bg-dark bg-opacity-10 lazyload' style='background-image:inherit; background-size: cover; background-position: center center' data-bg-image='url(https:\/\/hataysenfoniorkestrasi.com\/wp-content\/uploads\/2025\/12\/From-Soil-to-Sound-YouTube-Kucuk-Resmi.jpg)'>\n                            <\/div>\n                        <\/div>\n                        <div class='col-12'         data-reveal='{\"opacity\":1}' style='opacity: 0'>\n                            <h3 class='h5'>Hatay'da B\u00fcy\u00fck Senfoni Konseri \u0130\u00e7in Ba\u011f\u0131\u015f Kampanyas\u0131!<\/h3>\n                        <\/div>\n                        <div class='col-12'         data-reveal='{\"opacity\":1}' style='opacity: 0'>\n                            <p>Hatay Akademi Senfoni Orkestras\u0131, kentin k\u00fclt\u00fcrel haf\u0131zas\u0131n\u0131 m\u00fczik arac\u0131l\u0131\u011f\u0131yla ya\u015fatmak ve yerel m\u00fczisyenlere g\u00fc\u00e7l\u00fc bir alan a\u00e7mak i\u00e7in 2019\u2019dan bu...<\/p>\n                        <\/div>\n                        <div class='col-12 text-end mt-auto'         data-reveal='{\"opacity\":1}' style='opacity: 0'>\n                            <a href='https:\/\/hataysenfoniorkestrasi.com\/index.php\/haberler\/hatayda-buyuk-senfoni-konseri-icin-bagis-kampanyasi\/' class='small fw-bold'>Read More <i class='fa-solid fa-arrow-right ms-2'><\/i><\/a>\n                            <hr class='bg-dark bg-opacity-25'>\n                        <\/div>                    <\/div>\n                <\/div>                <div class='col-md-4'>\n                    <div class='row'>\n                        <div class='col-12 mb-3'         data-reveal='{\"opacity\":1}' style='opacity: 0'>\n                            <div class='ratio ratio-16x9 rounded bg-dark bg-opacity-10 lazyload' style='background-image:inherit; background-size: cover; background-position: center center' data-bg-image='url(https:\/\/hataysenfoniorkestrasi.com\/wp-content\/uploads\/2025\/12\/20251126_201043web.jpg)'>\n                            <\/div>\n                        <\/div>\n                        <div class='col-12'         data-reveal='{\"opacity\":1}' style='opacity: 0'>\n                            <h3 class='h5'>Hatay Akademi Orkestras\u0131\u2019ndan \u201c90 Saniye\u201d Sergisine Canl\u0131 Destek<\/h3>\n                        <\/div>\n                        <div class='col-12'         data-reveal='{\"opacity\":1}' style='opacity: 0'>\n                            <p>26 Kas\u0131m \u00c7ar\u015famba g\u00fcn\u00fc, Hannover Werniger\u00f6der Kamp\u00fcs\u00fc\u2019ndeki Rekt\u00f6rl\u00fck Villas\u0131\u2019nda de\u011ferli sanat\u00e7\u0131 Nermin Avlar taraf\u0131ndan a\u00e7\u0131lan \u201c90 Saniye\u201d sergisinde yer almaktan...<\/p>\n                        <\/div>\n                        <div class='col-12 text-end mt-auto'         data-reveal='{\"opacity\":1}' style='opacity: 0'>\n                            <a href='https:\/\/hataysenfoniorkestrasi.com\/index.php\/haberler\/hatay-akademi-orkestrasindan-90-saniye-sergisine-canli-destek\/' class='small fw-bold'>Read More <i class='fa-solid fa-arrow-right ms-2'><\/i><\/a>\n                            <hr class='bg-dark bg-opacity-25'>\n                        <\/div>                    <\/div>\n                <\/div>        <\/div>\n    <\/div> \n<\/section>","protected":false},"excerpt":{"rendered":"","protected":false},"author":1,"featured_media":0,"parent":0,"menu_order":0,"comment_status":"closed","ping_status":"open","template":"","meta":{"footnotes":""},"class_list":["post-2","page","type-page","status-publish","hentry"],"acf":[],"aioseo_notices":[],"_links":{"self":[{"href":"https:\/\/hataysenfoniorkestrasi.com\/index.php\/wp-json\/wp\/v2\/pages\/2","targetHints":{"allow":["GET"]}}],"collection":[{"href":"https:\/\/hataysenfoniorkestrasi.com\/index.php\/wp-json\/wp\/v2\/pages"}],"about":[{"href":"https:\/\/hataysenfoniorkestrasi.com\/index.php\/wp-json\/wp\/v2\/types\/page"}],"author":[{"embeddable":true,"href":"https:\/\/hataysenfoniorkestrasi.com\/index.php\/wp-json\/wp\/v2\/users\/1"}],"replies":[{"embeddable":true,"href":"https:\/\/hataysenfoniorkestrasi.com\/index.php\/wp-json\/wp\/v2\/comments?post=2"}],"version-history":[{"count":77,"href":"https:\/\/hataysenfoniorkestrasi.com\/index.php\/wp-json\/wp\/v2\/pages\/2\/revisions"}],"predecessor-version":[{"id":794,"href":"https:\/\/hataysenfoniorkestrasi.com\/index.php\/wp-json\/wp\/v2\/pages\/2\/revisions\/794"}],"wp:attachment":[{"href":"https:\/\/hataysenfoniorkestrasi.com\/index.php\/wp-json\/wp\/v2\/media?parent=2"}],"curies":[{"name":"wp","href":"https:\/\/api.w.org\/{rel}","templated":true}]}}